{"id":1110,"date":"2018-11-16T11:45:48","date_gmt":"2018-11-16T11:45:48","guid":{"rendered":"https:\/\/the7.io\/g-business\/?page_id=1110"},"modified":"2023-02-02T09:00:09","modified_gmt":"2023-02-02T12:00:09","slug":"company","status":"publish","type":"page","link":"https:\/\/svr.uy\/?page_id=1110","title":{"rendered":"S.V.R."},"content":{"rendered":"<div class=\"wpb-content-wrapper\"><p>[vc_row][vc_column width=\u00bb1\/2&#8243;][vc_column_text]<\/p>\n<h2>Rese\u00f1a hist\u00f3rica<\/h2>\n<p class=\"lead\" align=\"left\">La \u00abremonta\u00bb en su concepto gen\u00e9rico, ha existido desde tiempos de la Banda Oriental, a partir de la fundaci\u00f3n de Montevideo en el siglo XVIII y consiguientemente surgi\u00f3 la necesidad de la compra, cr\u00eda y cuidado de los caballos para el Ej\u00e9rcito Real.<\/p>\n<p class=\"lead\" align=\"left\">Inicialmente la tarea de remonta estuvo a cargo del Cabildo y luego de organizadas las Estancias del Rey, dependientes de la Real Hacienda, pasaron a la \u00f3rbita de \u00e9stas.<\/p>\n<p>En el per\u00edodo de las guerras civiles y en la denominada Guerra de la Triple Alianza, el caballo se convertir\u00eda en un preciado bien dado la disminuci\u00f3n de las manadas, producto de la operaciones militares as\u00ed como tambi\u00e9n de cederles espacio al ganado vacuno y lanar.<\/p>\n<p>A los efectos de evitar la falta de movilidad de las Unidades del Ej\u00e9rcito, en el a\u00f1o 1892 el Teniente Luis Michaelson presenta al Ministro de Guerra y Marina un proyecto de Haras Nacional, tendiente a subsanar \u00ab(&#8230;) la forma deficiente y costosa con que se provee al ej\u00e9rcito y polic\u00eda, de los caballos necesarios para el servicio (&#8230;)<\/p>\n<p>Diversos proyectos fueron redactados tendientes a regular la remonta del Ej\u00e9rcito as\u00ed como la atenci\u00f3n veterinaria pero, no es hasta el a\u00f1o 1908 que se concreta tal prop\u00f3sito. Es as\u00ed que por Ley de Presupuesto General de Gastos de la Naci\u00f3n, se crea la \u00abInspecci\u00f3n de Remonta y Direcci\u00f3n de la Ense\u00f1anza y Servicio Veterinario en el Ej\u00e9rcito\u00bb, nombr\u00e1ndose el 5 de Agosto de 1908 como su primer Director al entonces Teniente 2do.de Caballer\u00eda y Doctor en Veterinaria, don Jos\u00e9 Z. Polero.<\/p>\n<p>Los Campos Militares donde las diversas unidades realizaban maniobras, se unieron en su totalidad al Servicio de Veterinaria y Remonta por Decreto del Poder Ejecutivo de fecha 03 de Mayo de 1923, debido seg\u00fan reza el mismo, \u00bb &#8230; a la necesidad de que dichos campos tengan a su vez una direcci\u00f3n t\u00e9cnica que dirija la explotaci\u00f3n,&#8230;\u00bb.- Asimismo, por Decreto del 17 de Julio de 1923, se establece que: \u00abTodos los Servicios t\u00e9cnico-administrativos de Medicina Veterinaria, Remonta, Herrado y Peritaje de forrajes, en el Ej\u00e9rcito, quedar\u00e1n bajo la superintendencia t\u00e9cnico &#8211; administrativa del Servicio de Veterinaria y Remonta\u00bb.<\/p>\n<p>&nbsp;<\/p>\n<p>&nbsp;[\/vc_column_text][\/vc_column][vc_column width=\u00bb1\/2&#8243;][vc_single_image image=\u00bb1529&#8243; img_size=\u00bbfull\u00bb][\/vc_column][\/vc_row][vc_row][vc_column][vc_column_text]<\/p>\n<h2>MISION<\/h2>\n<p>El Servicio de Veterinaria y Remonta tendr\u00e1 por misi\u00f3n, asegurar todo lo relativo a la remonta de ganado y la obtenci\u00f3n, almacenamiento, mantenimiento, distribuci\u00f3n, comercializaci\u00f3n de productos generados y evacuaci\u00f3n del material.<\/p>\n<p>Deber\u00e1 promover el mejoramiento de toda especie animal que sea de inter\u00e9s para a Defensa Nacional, particularmente equinos y perros de trabajo militar, y la explotaci\u00f3n y administraci\u00f3n de los campos y establecimientos de su dependencia.<\/p>\n<p>&nbsp;[\/vc_column_text][\/vc_column][\/vc_row][vc_row][vc_column][vc_column_text]<\/p>\n<h2><strong>Marco Legal de la creaci\u00f3n del Servicio<\/strong><\/h2>\n<p>\u00abCAMARA DE REPRESENTANTES\u00bb \u00abDIARIO DE SESIONES DE LA XXIII LEGISLATURA\u00bb \u00abTCXCV pp 506 a 598. LA ASAMBLEA GENERAL APROVO LA LEY DE PROSUPUESTO GENERAL DE GASTOS EL 15 DE JULIO, HABIENDO FIRMADO EL \u00abCUMPLASE\u00bb EL PRESIDENTE DE LA REPUBLICA CON FECHA 29 DE JULIO 1908, QUEDANDO CREADA EN LA FECHA \u00abLA INSPECCION DE REMONTA Y DIRECCION DE LA ENSENANZA Y SERVICIO VETERINARIO DE EJERCITO\u00bb (DIARIO OFICIAL, 31 JULIO DE 1908, TOMO XII. N\u00ba 841) SIENDO TRANSCRIPTA POR ORDEN GENERAL EL 5 DE AGOSTO DE 1908. DECRETANDO EL PRESIDENTE DE LA REPUBLICA WILLIMAN, EDUARDO VASQUEZ COMO JEFE AL TTE.2\u00ba. DR. EN VETERINARIA DON JOSE Z. POLERO<\/p>\n<p>La creaci\u00f3n del S.V.R. fue realizada por Ley de Presupuesto General de gastos del 15 de julio de 1908 bajo la denominaci\u00f3n \u201cInspecci\u00f3n de Remonta y Direcci\u00f3n de la Ense\u00f1anza y Servicios Veterinario en el Ej\u00e9rcito\u201d, nombr\u00e1ndose el 5 de agosto de 1908 como primera Director al Teniente 2\u00b0 de Caballer\u00eda y Doctor en Veterinaria, don Jos\u00e9 Z.Polero.[\/vc_column_text][\/vc_column][\/vc_row][vc_row][vc_column][vc_column_text]<\/p>\n<h2>FUNCIONES<\/h2>\n<ul>\n<li>Proporcionar atenci\u00f3n veterinaria en el \u00e1mbito del Ej\u00e9rcito.<\/li>\n<li>Proveer y mantener el ganado de silla y tiro del Ej\u00e9rcito.<\/li>\n<li>Proveer racionamiento y atenci\u00f3n veterinaria a los perros de trabajo militar.<\/li>\n<li>Fomentar la actividad ecuestre en el \u00e1mbito militar y nacional.<\/li>\n<li>Realizar la explotaci\u00f3n intensiva de los Campos Militares a su cargo.<\/li>\n<li>Colaborar con organismos del Estado y privados en la preservaci\u00f3n de la salud<br \/>\nanimal y humana.<\/li>\n<li>Desarrollar programas de acci\u00f3n c\u00edvica.<\/li>\n<li>Realizar inspecci\u00f3n de alimentos y prevenci\u00f3n de zoonosis.<\/li>\n<li>Colaborar en la prevenci\u00f3n y neutralizaci\u00f3n de actos de agro y bioterrorismo.<\/li>\n<li>Contribuir al desarrollo cient\u00edfico- tecnol\u00f3gico en las \u00e1reas relacionadas a la medicina, veterinaria y agronom\u00eda.<\/li>\n<\/ul>\n<p>[\/vc_column_text][\/vc_column][\/vc_row]<\/p>\n<\/div>","protected":false},"excerpt":{"rendered":"<p>[vc_row][vc_column width=\u00bb1\/2&#8243;][vc_column_text] Rese\u00f1a hist\u00f3rica La \u00abremonta\u00bb en su concepto gen\u00e9rico, ha existido desde tiempos de la Banda Oriental, a partir de la fundaci\u00f3n de Montevideo en el siglo XVIII y consiguientemente surgi\u00f3 la necesidad de la compra, cr\u00eda y cuidado de los caballos para el Ej\u00e9rcito Real. Inicialmente la tarea de remonta estuvo a cargo&hellip;<\/p>\n","protected":false},"author":1,"featured_media":0,"parent":247,"menu_order":10,"comment_status":"closed","ping_status":"closed","template":"","meta":{"footnotes":""},"class_list":["post-1110","page","type-page","status-publish","hentry","description-off"],"_links":{"self":[{"href":"https:\/\/svr.uy\/index.php?rest_route=\/wp\/v2\/pages\/1110","targetHints":{"allow":["GET"]}}],"collection":[{"href":"https:\/\/svr.uy\/index.php?rest_route=\/wp\/v2\/pages"}],"about":[{"href":"https:\/\/svr.uy\/index.php?rest_route=\/wp\/v2\/types\/page"}],"author":[{"embeddable":true,"href":"https:\/\/svr.uy\/index.php?rest_route=\/wp\/v2\/users\/1"}],"replies":[{"embeddable":true,"href":"https:\/\/svr.uy\/index.php?rest_route=%2Fwp%2Fv2%2Fcomments&post=1110"}],"version-history":[{"count":19,"href":"https:\/\/svr.uy\/index.php?rest_route=\/wp\/v2\/pages\/1110\/revisions"}],"predecessor-version":[{"id":1538,"href":"https:\/\/svr.uy\/index.php?rest_route=\/wp\/v2\/pages\/1110\/revisions\/1538"}],"up":[{"embeddable":true,"href":"https:\/\/svr.uy\/index.php?rest_route=\/wp\/v2\/pages\/247"}],"wp:attachment":[{"href":"https:\/\/svr.uy\/index.php?rest_route=%2Fwp%2Fv2%2Fmedia&parent=1110"}],"curies":[{"name":"wp","href":"https:\/\/api.w.org\/{rel}","templated":true}]}}