{"id":1146,"date":"2018-11-16T15:28:41","date_gmt":"2018-11-16T15:28:41","guid":{"rendered":"https:\/\/the7.io\/g-business\/?page_id=1146"},"modified":"2026-02-11T17:15:09","modified_gmt":"2026-02-11T20:15:09","slug":"web-development","status":"publish","type":"page","link":"https:\/\/svr.uy\/?page_id=1146","title":{"rendered":"Hospital Veterinario"},"content":{"rendered":"<div class=\"wpb-content-wrapper\"><p>[vc_row][vc_column][vc_column_text css=\u00bb\u00bb]<\/p>\n<div class=\"wp-block-media-text is-stacked-on-mobile\">\n<figure class=\"wp-block-media-text__media\"><img fetchpriority=\"high\" decoding=\"async\" class=\"alignnone wp-image-1705 size-medium\" src=\"https:\/\/svr.uy\/wp-content\/uploads\/2024\/08\/HospitaFoto1-300x169.jpg\" alt=\"\" width=\"300\" height=\"169\" srcset=\"https:\/\/svr.uy\/wp-content\/uploads\/2024\/08\/HospitaFoto1-300x169.jpg 300w, https:\/\/svr.uy\/wp-content\/uploads\/2024\/08\/HospitaFoto1-1024x576.jpg 1024w, https:\/\/svr.uy\/wp-content\/uploads\/2024\/08\/HospitaFoto1-768x432.jpg 768w, https:\/\/svr.uy\/wp-content\/uploads\/2024\/08\/HospitaFoto1-1536x864.jpg 1536w, https:\/\/svr.uy\/wp-content\/uploads\/2024\/08\/HospitaFoto1.jpg 1599w\" sizes=\"(max-width: 300px) 100vw, 300px\" \/><\/figure>\n<div class=\"wp-block-media-text__content\">\n\n<p style=\"font-size: 23px;\">HOSPITAL QUIR\u00daRGICO VETERINARIO<\/p>\n\n<p>El Hospital quir\u00fargico veterinario ubicado en la sede de Servicio Veterinaria y Remonta brinda atenci\u00f3n veterinaria de segundo nivel a grandes (Equinos) y peque\u00f1os animales (Perros de trabajo militar del Ej\u00e9rcito)<\/p>\n\n<\/div>\n<\/div>\n<!-- \/wp:post-content -->\n<!-- wp:spacer {\"height\":\"50px\"} \/-->\n<!-- wp:spacer {\"height\":\"50px\"} \/-->\n<!-- wp:media-text {\"align\":\"\",\"mediaId\":644,\"mediaType\":\"image\"} -->\n<div class=\"wp-block-media-text is-stacked-on-mobile\">\u00a0<\/div>\n<p>&nbsp;<\/p>\n<p>[\/vc_column_text][\/vc_column][\/vc_row]<\/p>\n<\/div>","protected":false},"excerpt":{"rendered":"<p>[vc_row][vc_column][vc_column_text css=\u00bb\u00bb] HOSPITAL QUIR\u00daRGICO VETERINARIO El Hospital quir\u00fargico veterinario ubicado en la sede de Servicio Veterinaria y Remonta brinda atenci\u00f3n veterinaria de segundo nivel a grandes (Equinos) y peque\u00f1os animales (Perros de trabajo militar del Ej\u00e9rcito) \u00a0 &nbsp; [\/vc_column_text][\/vc_column][\/vc_row]<\/p>\n","protected":false},"author":1,"featured_media":0,"parent":249,"menu_order":1,"comment_status":"closed","ping_status":"closed","template":"","meta":{"footnotes":""},"class_list":["post-1146","page","type-page","status-publish","hentry","description-off"],"_links":{"self":[{"href":"https:\/\/svr.uy\/index.php?rest_route=\/wp\/v2\/pages\/1146","targetHints":{"allow":["GET"]}}],"collection":[{"href":"https:\/\/svr.uy\/index.php?rest_route=\/wp\/v2\/pages"}],"about":[{"href":"https:\/\/svr.uy\/index.php?rest_route=\/wp\/v2\/types\/page"}],"author":[{"embeddable":true,"href":"https:\/\/svr.uy\/index.php?rest_route=\/wp\/v2\/users\/1"}],"replies":[{"embeddable":true,"href":"https:\/\/svr.uy\/index.php?rest_route=%2Fwp%2Fv2%2Fcomments&post=1146"}],"version-history":[{"count":2,"href":"https:\/\/svr.uy\/index.php?rest_route=\/wp\/v2\/pages\/1146\/revisions"}],"predecessor-version":[{"id":1706,"href":"https:\/\/svr.uy\/index.php?rest_route=\/wp\/v2\/pages\/1146\/revisions\/1706"}],"up":[{"embeddable":true,"href":"https:\/\/svr.uy\/index.php?rest_route=\/wp\/v2\/pages\/249"}],"wp:attachment":[{"href":"https:\/\/svr.uy\/index.php?rest_route=%2Fwp%2Fv2%2Fmedia&parent=1146"}],"curies":[{"name":"wp","href":"https:\/\/api.w.org\/{rel}","templated":true}]}}