{"id":1223,"date":"2018-11-18T09:49:55","date_gmt":"2018-11-18T09:49:55","guid":{"rendered":"https:\/\/the7.io\/g-business\/?page_id=1223"},"modified":"2026-02-11T17:15:09","modified_gmt":"2026-02-11T20:15:09","slug":"content-marketing","status":"publish","type":"page","link":"https:\/\/svr.uy\/?page_id=1223","title":{"rendered":"Haras"},"content":{"rendered":"\r\n<h2 class=\"wp-block-heading\">Haras Militar \u00abLos Orientales\u00bb:<\/h2>\r\n\r\n\r\n\r\n<p>El Campo Militar Nro. 3 \u00bb Arerungu\u00e1\u00bb est\u00e1 ubicado en el centro de lo que fue la estancia del Gral. Jos\u00e9 G. Artigas, en donde habitaban libremente (sus iguales) los gauchos y los indios charr\u00faas.<\/p>\r\n\r\n\r\n\r\n<p>Es en honor de aquellas familias que forjaron la naci\u00f3n oriental en el \u00e9xodo del Pueblo Oriental, y a aquellos que actualmente tienen el ideario artiguista en su coraz\u00f3n y est\u00e1n dispuestos a cumplir literalmente con las estrofas del Himno Nacional<\/p>\r\n\r\n\r\n\r\n<h3 class=\"wp-block-heading\">Su evoluci\u00f3n en el tiempo:<\/h3>\r\n\r\n\r\n\r\n<p>Ligado al Campo Militar No.3, ubicado en el Departamento de Salto localidad de \u00abArerungua\u00bb, desde su proceso fundacional a partir del 11 de febrero de 1965 tiene su origen como Haras y campo de dep\u00f3sito de equinos.<\/p>\r\n\r\n\r\n\r\n<p>Comienza con manadas de yeguas mestizas, sobre campos naturales teniendo en cuenta que poseemos condiciones clim\u00e1ticas y posibilidades forrajeras que nos permite producir en condiciones extensivas durante todo el a\u00f1o, practic\u00e1ndose una cr\u00eda orientada a la producci\u00f3n de los siguientes equinos:<\/p>\r\n<ul>\r\n<li><strong>Que re\u00fanan las caracter\u00edsticas de trabajo indispensables para realizar todas las funciones dentro de una Unidad Militar (Silla Tipo Polo Uruguayo)<\/strong><\/li>\r\n<li><strong>Una Caba\u00f1a de Criollos Moros para abastecer al Reg. \u00abBlandengues de Artigas\u00bb de Caballer\u00eda No.1 y al C.M.No.1.<\/strong><\/li>\r\n<li><strong>Obtenci\u00f3n de caballos tordillos para la cure\u00f1a.<\/strong><\/li>\r\n<li><strong>Obtenci\u00f3n de caballos tiro de razas pesadas.<\/strong><\/li>\r\n<\/ul>\r\n\r\n\r\n\r\n<div class=\"wp-block-spacer\" style=\"height: 20px;\" aria-hidden=\"true\">\u00a0<\/div>\r\n\r\n\r\n\r\n\r\n\r\n<div class=\"wp-block-spacer\" style=\"height: 50px;\" aria-hidden=\"true\"><img fetchpriority=\"high\" decoding=\"async\" class=\"size-medium wp-image-1476 aligncenter\" src=\"https:\/\/svr.uy\/wp-content\/uploads\/2023\/02\/Piquetero-Z-2-300x199.jpg\" alt=\"\" width=\"300\" height=\"199\" srcset=\"https:\/\/svr.uy\/wp-content\/uploads\/2023\/02\/Piquetero-Z-2-300x199.jpg 300w, https:\/\/svr.uy\/wp-content\/uploads\/2023\/02\/Piquetero-Z-2-1024x681.jpg 1024w, https:\/\/svr.uy\/wp-content\/uploads\/2023\/02\/Piquetero-Z-2-768x511.jpg 768w, https:\/\/svr.uy\/wp-content\/uploads\/2023\/02\/Piquetero-Z-2-1536x1021.jpg 1536w, https:\/\/svr.uy\/wp-content\/uploads\/2023\/02\/Piquetero-Z-2-2048x1362.jpg 2048w\" sizes=\"(max-width: 300px) 100vw, 300px\" \/><\/div>\r\n\r\n\r\n\r\n<h3 class=\"wp-block-heading\">\u00a0<\/h3>\r\n<h3>\u00a0<\/h3>\r\n<h3>\u00a0<\/h3>\r\n<h3>\u00a0<\/h3>\r\n<h3>\u00a0<\/h3>\r\n<h2>Haras Militar \u00abGral. Fausto Aguilar\u00bb:<\/h2>\r\n<p style=\"text-align: center;\"><strong style=\"text-align: center; font-size: 14px;\">\u00abA sacarse los ponchos y a cargar que en el otro mundo no hace fr\u00edo\u00bb<\/strong><\/p>\r\n<h3 style=\"text-align: right;\">General Fausto Aguilar (1808 &#8211; 1865)\u00a0 \u00a0 \u00a0 \u00a0 \u00a0 \u00a0 \u00a0 \u00a0 \u00a0 \u00a0 \u00a0 \u00a0 \u00a0 \u00a0 \u00a0 \u00a0 \u00a0 \u00a0 \u00a0 \u00a0 \u00a0 \u00a0 \u00a0 \u00a0 \u00a0 \u00a0 \u00a0 \u00a0 \u00a0 \u00a0 \u00a0 \u00a0 \u00a0 \u00a0 \u00a0 \u00a0 \u00a0 \u00a0 \u00a0 \u00a0 \u00a0 \u00a0 \u00a0 \u00a0 \u00a0 \u00a0 \u00a0 \u00a0<\/h3>\r\n<div class=\"container\">\r\n<p>Hemos recogido esta m\u00e1xima de qui\u00e9n le da nombre al Haras Militar, ya que es consigna permanente y marca a fuego el irrenunciable compromiso de defender con conocimiento y tes\u00f3n la tradici\u00f3n de un Ej\u00e9rcito y una Patria de \u00aba caballo\u00bb. Nacido en Paysand\u00fa en el a\u00f1o 1808 inici\u00f3 su carrera militar como Soldado en el a\u00f1o 1832. Actu\u00f3 en el Movimiento Revolucionario encabezado por el General Fructuoso Rivera (1836-1838) contra el General Manuel Oribe, al finalizar el mismo era Sargento Mayor Graduado. En 1839 es Teniente Coronel; particip\u00f3 en la Batalla de Cagancha contra el General Pascual Echag\u00fce. Fue uno de los Jefes del General Venancio Flores en su cruzada Libertadora (1836 &#8211; 1865) contra el Presidente Berro. El 11 de mayo de 1864, el Gobierno Provisorio de Montevideo lo nombra Brigadier General. Fallece el 19 de junio de 1865.-<\/p>\r\n<h3>Su evoluci\u00f3n en el tiempo:<\/h3>\r\n<ul>\r\n<li>Ligado al Campo Militar No.1, ubicado en el Departamento de Canelones localidad de \u00abLos Cerrillos\u00bb, desde su proceso fundacional en el a\u00f1o 1917, tiene su origen como campo de dep\u00f3sito de equinos.<\/li>\r\n<li>Comienza a finales de la d\u00e9cada del cincuenta como Haras de caballos SPC (Sangre Pura de Carrera), practic\u00e1ndose una cr\u00eda orientada a la producci\u00f3n de mestizos y es conocido a nivel nacional cuando logra uno de los hitos m\u00e1s importantes para el \u00abelevage\u00bb militar y nacional en las olimp\u00edadas de Roma en el a\u00f1o 1960, donde los ejemplares: ARAPEY, JULIAN y GUANACO alternan con los mejores del mundo, lo cual se repite en Sidney 2000 con los ejemplares: SVR TIBERIO y SVR POTENCIAL.<\/li>\r\n<li>En el a\u00f1o 1963 nace con su denominaci\u00f3n actual: Haras Militar \u00abGeneral Fausto Aguilar\u00bb, orientando su producci\u00f3n al SPC y rematando en el TATERSALL del Hip\u00f3dromo de Maro\u00f1as, sin por ello apartarse de la original producci\u00f3n de mestizos.<\/li>\r\n<li>La supremac\u00eda en el mundo h\u00edpico, de las llamadas \u00abSangres Pesadas\u00bb en detrimento del S.P.C. y sus mestizos, determina el primer salto cualitativo del Haras, materializado en la incorporaci\u00f3n del reproductor HANNOVERANER en el a\u00f1o 1982 (VILLA VALERIA &#8211; MIJO) y en la misma d\u00e9cada la incorporaci\u00f3n de yeguas de Remonta Argentina con sangres: HANNOVERANER, HOLSTEINER, IRISH HUNTER Y ANGLO NORMANDO.<\/li>\r\n<li>Los primeros cruzamientos obtenidos determinaron excelentes resultados, puesto que la participaci\u00f3n del S.P.C. dot\u00f3 del temperamento y la velocidad que exig\u00eda la nueva demanda.<\/li>\r\n<li>Durante casi dos d\u00e9cadas, se multiplic\u00f3 el abanico gen\u00e9tico que nos permite tener opciones dot\u00e1ndonos de la flexibilidad necesaria ante los cambios de orientaci\u00f3n del Mundo H\u00edpico. Simult\u00e1neamente se comenzaron a aplicar tecnolog\u00edas para la reproducci\u00f3n como son el congelamiento de semen y la inseminaci\u00f3n artificial, en donde el Haras ha sido pionero a nivel Nacional, siendo ejemplo de ello nuestros primeros productos: SVR ESFINGE y SVR TERMINATOR.<\/li>\r\n<li>Fruto de esta evoluci\u00f3n, se llega al final del siglo, con una rigurosa selecci\u00f3n y un banco gen\u00e9tico de base calificada, pero con la necesidad de aumentar el espectro e incorporar sangres de alta performance como \u00fanico camino para superar la diferencia regional de nuestra producci\u00f3n.<\/li>\r\n<li>Ante la necesidad planteada se incorpora la sangre SILLA FRANCESA (SELLE FRANCAISE) de destacada actuaci\u00f3n en pistas y con la finalidad de consolidar definitivamente el trabajo logrado a trav\u00e9s de a\u00f1os.<br \/>En el marco de un convenio firmado con la Uni\u00f3n Nacional Interprofesional del Caballo de Francia (UNIC) se adquirieron entre otras sangres: QUITO DE BAUSSY, COOK DU MIDOUR, AVEC ESPOIR y TIC TAC D\u00b4ELLE,<\/li>\r\n<li>Tambi\u00e9n por convenio se incorporara sangre del reproductor MARLY RIVER, disponible en el \u00e1rea de carreras con obst\u00e1culos para C.C.E. (Concurso Completo de Equitaci\u00f3n &#8211; Prueba de los 3 d\u00edas) con destacadas credenciales en Europa.<\/li>\r\n<li>\u00daltimamente se ha adquirido el reproductor Anglo \u00c1rabe IVLANDET en la Rep\u00fablica de Francia, en el que se tienen tambi\u00e9n cifradas esperanzas.<\/li>\r\n<\/ul>\r\n<\/div>\r\n<h3>Caracter\u00edsticas generales<\/h3>\r\n<p>Se producen equinos para abastecer las necesidades de Unidades y oficiales, sin perder el concepto de empresa, relacion\u00e1ndose con civiles y militares nacionales y del extranjero, para trabajar con una perspectiva de futuro consagrando en las competencias efectivamente la calidad de la producci\u00f3n lograda.<br \/>El Haras General Fausto Aguilar est\u00e1 planteado con padrillos de las razas Pura Sangre de Carrera (SPC), Hannoverianos y Silla Franc\u00e9s; y con un plantel de yeguas madres compuesto por yeguas SPC, Silla Franc\u00e9s y Hannoverianas (importadas de Argentina, Francia y Alemania), mestizas SPC y mestizas Hannoverianas, algunas de \u00e9stas con notoria influencia de sangre SPC;con el objetivo de lograr, a trav\u00e9s de una planificaci\u00f3n cuidadosa, un producto de tipo Deportivo Uruguayo que re\u00fane las caracter\u00edsticas necesarias para desempe\u00f1arse fluidamente en las diferentes disciplinas ecuestres<br \/>Teniendo en cuenta que las condiciones clim\u00e1ticas y las posibilidades forrajeras existentes nos permiten criar en condiciones semi-extensivas durante gran parte del a\u00f1o, disminuyendo lo que significa la carga de costo de crianza en comparaci\u00f3n con los de otros pa\u00edses destacados en la producci\u00f3n equina.<br \/>Los productos obtenidos reciben un sistema de manejo semi-extensivo, con una posterior estabulaci\u00f3n a los efectos de llevar a cabo su amansamiento y doma el cual desde 1995 se utiliza el m\u00e9todo de Doma Racional sin violencia, m\u00e9todo que permite domar toda la caballada sin que se produzcan lesiones en los animales.<\/p>\r\n\r\n\r\n\r\n\r\n\r\n<div class=\"wp-block-spacer\" style=\"height: 50px;\" aria-hidden=\"true\"><img decoding=\"async\" class=\"size-medium wp-image-1474 aligncenter\" src=\"https:\/\/svr.uy\/wp-content\/uploads\/2023\/02\/Miarado-300x199.jpg\" alt=\"\" width=\"300\" height=\"199\" srcset=\"https:\/\/svr.uy\/wp-content\/uploads\/2023\/02\/Miarado-300x199.jpg 300w, https:\/\/svr.uy\/wp-content\/uploads\/2023\/02\/Miarado-1024x681.jpg 1024w, https:\/\/svr.uy\/wp-content\/uploads\/2023\/02\/Miarado-768x511.jpg 768w, https:\/\/svr.uy\/wp-content\/uploads\/2023\/02\/Miarado-1536x1021.jpg 1536w, https:\/\/svr.uy\/wp-content\/uploads\/2023\/02\/Miarado-2048x1362.jpg 2048w\" sizes=\"(max-width: 300px) 100vw, 300px\" \/><\/div>\r\n\r\n\r\n\r\n<h3 class=\"wp-block-heading\">\u00a0<\/h3>\r\n<h3>\u00a0<\/h3>\r\n<h3>\u00a0<\/h3>\r\n<h3>\u00a0<\/h3>\r\n<h3>\u00a0<\/h3>\r\n\r\n\r\n\r\n<div class=\"wp-block-spacer\" style=\"height: 20px;\" aria-hidden=\"true\"><a class=\"wp-block-button__link has-text-color has-background wp-element-button\" style=\"color: #ffffff; background-color: #1fa9e5;\" href=\"https:\/\/svr.uy\/?page_id=260\">D\u00e9jenos su consulta<\/a><\/div>\r\n","protected":false},"excerpt":{"rendered":"<p>Haras Militar \u00abLos Orientales\u00bb: El Campo Militar Nro. 3 \u00bb Arerungu\u00e1\u00bb est\u00e1 ubicado en el centro de lo que fue la estancia del Gral. Jos\u00e9 G. Artigas, en donde habitaban libremente (sus iguales) los gauchos y los indios charr\u00faas. Es en honor de aquellas familias que forjaron la naci\u00f3n oriental en el \u00e9xodo del Pueblo&hellip;<\/p>\n","protected":false},"author":1,"featured_media":0,"parent":249,"menu_order":6,"comment_status":"closed","ping_status":"closed","template":"","meta":{"footnotes":""},"class_list":["post-1223","page","type-page","status-publish","hentry","description-off"],"_links":{"self":[{"href":"https:\/\/svr.uy\/index.php?rest_route=\/wp\/v2\/pages\/1223","targetHints":{"allow":["GET"]}}],"collection":[{"href":"https:\/\/svr.uy\/index.php?rest_route=\/wp\/v2\/pages"}],"about":[{"href":"https:\/\/svr.uy\/index.php?rest_route=\/wp\/v2\/types\/page"}],"author":[{"embeddable":true,"href":"https:\/\/svr.uy\/index.php?rest_route=\/wp\/v2\/users\/1"}],"replies":[{"embeddable":true,"href":"https:\/\/svr.uy\/index.php?rest_route=%2Fwp%2Fv2%2Fcomments&post=1223"}],"version-history":[{"count":9,"href":"https:\/\/svr.uy\/index.php?rest_route=\/wp\/v2\/pages\/1223\/revisions"}],"predecessor-version":[{"id":1606,"href":"https:\/\/svr.uy\/index.php?rest_route=\/wp\/v2\/pages\/1223\/revisions\/1606"}],"up":[{"embeddable":true,"href":"https:\/\/svr.uy\/index.php?rest_route=\/wp\/v2\/pages\/249"}],"wp:attachment":[{"href":"https:\/\/svr.uy\/index.php?rest_route=%2Fwp%2Fv2%2Fmedia&parent=1223"}],"curies":[{"name":"wp","href":"https:\/\/api.w.org\/{rel}","templated":true}]}}