{"id":1670,"date":"2024-03-14T15:47:48","date_gmt":"2024-03-14T18:47:48","guid":{"rendered":"https:\/\/svr.uy\/?page_id=1670"},"modified":"2024-03-14T16:37:30","modified_gmt":"2024-03-14T19:37:30","slug":"curso-de-herrador","status":"publish","type":"page","link":"https:\/\/svr.uy\/?page_id=1670","title":{"rendered":"Herrador"},"content":{"rendered":"<div class=\"wpb-content-wrapper\"><p>[vc_row][vc_column][vc_hoverbox image=\u00bb1620&#8243; primary_title=\u00bbHerrador\u00bb hover_title=\u00bbHerrador\u00bb]<\/p>\n<p style=\"text-align: left;\"><strong>Objetivos:<\/strong><\/p>\n<p style=\"text-align: left;\">Formar herradores especializados en el herrado correctivo mediante el herrado artesanal. Elevar con la instrucci\u00f3n de t\u00e9cnicos y profesionales, el nivel del personal militar y civil, quienes con vocaci\u00f3n y aptitudes naturales no han tenido la oportunidad de desarrollarlo. Mantener, fomentar y difundir a nivel nacional la promoci\u00f3n de para- t\u00e9cnicos militares y civiles en la especialidad, que mediante convenios con organismos oficiales e instituciones privadas, perfeccionen y actualicen los conocimientos.<\/p>\n<p style=\"text-align: left;\">\n<div class=\"hr-thin\"><\/div>\n<p style=\"text-align: left;\"><strong>Materias:\u00a0<\/strong><\/p>\n<p style=\"text-align: left;\">Funciones log\u00edsticas.<br \/>\nAnatom\u00eda y fisiolog\u00eda del pie.<br \/>\nConformaci\u00f3n y movimiento<br \/>\nAccidentes de herrado<br \/>\nPatolog\u00edas del pie<br \/>\nForjado<br \/>\nClases pr\u00e1cticas<br \/>\nMetodolog\u00eda del herrado<br \/>\nPodolog\u00eda aplicada<\/p>\n<p style=\"text-align: left;\"><strong>Inicio:<\/strong><\/p>\n<p style=\"text-align: left;\">2 de abril 2024<\/p>\n<p style=\"text-align: left;\"><strong>Horario :\u00a0<\/strong><\/p>\n<p style=\"text-align: left;\">Lunes a Viernes de 9:00 a 12:00<\/p>\n<p style=\"text-align: left;\"><strong>Finalizaci\u00f3n:\u00a0<\/strong><\/p>\n<p style=\"text-align: left;\">8 de agosto 2024<\/p>\n<p>[\/vc_hoverbox][\/vc_column][\/vc_row]<\/p>\n<\/div>","protected":false},"excerpt":{"rendered":"<p>[vc_row][vc_column][vc_hoverbox image=\u00bb1620&#8243; primary_title=\u00bbHerrador\u00bb hover_title=\u00bbHerrador\u00bb] Objetivos: Formar herradores especializados en el herrado correctivo mediante el herrado artesanal. Elevar con la instrucci\u00f3n de t\u00e9cnicos y profesionales, el nivel del personal militar y civil, quienes con vocaci\u00f3n y aptitudes naturales no han tenido la oportunidad de desarrollarlo. Mantener, fomentar y difundir a nivel nacional la promoci\u00f3n de para-&hellip;<\/p>\n","protected":false},"author":1,"featured_media":0,"parent":251,"menu_order":0,"comment_status":"closed","ping_status":"closed","template":"","meta":{"footnotes":""},"class_list":["post-1670","page","type-page","status-publish","hentry","description-off"],"_links":{"self":[{"href":"https:\/\/svr.uy\/index.php?rest_route=\/wp\/v2\/pages\/1670","targetHints":{"allow":["GET"]}}],"collection":[{"href":"https:\/\/svr.uy\/index.php?rest_route=\/wp\/v2\/pages"}],"about":[{"href":"https:\/\/svr.uy\/index.php?rest_route=\/wp\/v2\/types\/page"}],"author":[{"embeddable":true,"href":"https:\/\/svr.uy\/index.php?rest_route=\/wp\/v2\/users\/1"}],"replies":[{"embeddable":true,"href":"https:\/\/svr.uy\/index.php?rest_route=%2Fwp%2Fv2%2Fcomments&post=1670"}],"version-history":[{"count":7,"href":"https:\/\/svr.uy\/index.php?rest_route=\/wp\/v2\/pages\/1670\/revisions"}],"predecessor-version":[{"id":1683,"href":"https:\/\/svr.uy\/index.php?rest_route=\/wp\/v2\/pages\/1670\/revisions\/1683"}],"up":[{"embeddable":true,"href":"https:\/\/svr.uy\/index.php?rest_route=\/wp\/v2\/pages\/251"}],"wp:attachment":[{"href":"https:\/\/svr.uy\/index.php?rest_route=%2Fwp%2Fv2%2Fmedia&parent=1670"}],"curies":[{"name":"wp","href":"https:\/\/api.w.org\/{rel}","templated":true}]}}