{"id":1677,"date":"2024-03-14T16:34:57","date_gmt":"2024-03-14T19:34:57","guid":{"rendered":"https:\/\/svr.uy\/?page_id=1677"},"modified":"2024-03-14T16:35:44","modified_gmt":"2024-03-14T19:35:44","slug":"auxiliar-enfermero-veterinario","status":"publish","type":"page","link":"https:\/\/svr.uy\/?page_id=1677","title":{"rendered":"Auxiliar Enfermero Veterinario"},"content":{"rendered":"<div class=\"wpb-content-wrapper\"><p>[vc_row][vc_column][vc_hoverbox image=\u00bb1645&#8243; primary_title=\u00bbAuxiliar Enfermero Veterinario\u00bb hover_title=\u00bbAuxiliar Enfermero Veterinario\u00bb]<strong>Objetivos:<\/strong><\/p>\n<p>Ser auxiliar del M\u00e9dico Veterinario en las Unidades militares. Elevar a trav\u00e9s de la instrucci\u00f3n impartida por los t\u00e9cnicos y profesionales, el nivel del personal militar y civil, en la aplicaci\u00f3n y seguimiento de los tratamientos indicados. Mantener, fomentar y difundir a nivel nacional la promoci\u00f3n de auxiliares militares y civiles en la especialidad, que mediante convenios con organismos oficiales e instituciones privadas, perfeccionen y actualicen los conocimientos<\/p>\n<p><strong>Materias:\u00a0<\/strong><\/p>\n<p>Antisepsia, desinfecci\u00f3n y esterilizaci\u00f3n<br \/>\nInstrumental quir\u00fargico<br \/>\nAnatom\u00eda y fisiolog\u00eda<br \/>\nExterior del equino<br \/>\nEnfermer\u00eda veterinaria<br \/>\nClases pr\u00e1cticas<br \/>\nTraumatismos<br \/>\nPar\u00e1metros cl\u00ednicos<br \/>\nManejo y alimentaci\u00f3n en las distintas especies<br \/>\nParasitosis y desparasitaci\u00f3n<br \/>\nPlanes sanitarios de las distintas especies<br \/>\nEnfermedades m\u00e9dicas en las distintas especies<br \/>\nEnfermedades infecciosas<br \/>\nFicha cl\u00ednica semiolog\u00eda en distintos animales<br \/>\nManejo del paciente hospitalizado<br \/>\nManejo del reci\u00e9n nacido<br \/>\nGestaci\u00f3n y examen neo-natal<br \/>\nOdontolog\u00eda equina<br \/>\nPrincipales Zoonosis en rumiantes:<br \/>\nEx\u00e1menes paracl\u00ednicos<br \/>\nSecretaria administrativa<\/p>\n<p style=\"text-align: left;\"><strong>Inicio:<\/strong><\/p>\n<p style=\"text-align: left;\">2 de abril 2024<\/p>\n<p style=\"text-align: left;\"><strong>Horario :\u00a0<\/strong><\/p>\n<p style=\"text-align: left;\">Lunes a Viernes de 9:00 a 12:00<\/p>\n<p style=\"text-align: left;\"><strong>Finalizaci\u00f3n:\u00a0<\/strong><\/p>\n<p style=\"text-align: left;\">8 de agosto 2024<\/p>\n<p>[\/vc_hoverbox][\/vc_column][\/vc_row]<\/p>\n<\/div>","protected":false},"excerpt":{"rendered":"<p>[vc_row][vc_column][vc_hoverbox image=\u00bb1645&#8243; primary_title=\u00bbAuxiliar Enfermero Veterinario\u00bb hover_title=\u00bbAuxiliar Enfermero Veterinario\u00bb]Objetivos: Ser auxiliar del M\u00e9dico Veterinario en las Unidades militares. Elevar a trav\u00e9s de la instrucci\u00f3n impartida por los t\u00e9cnicos y profesionales, el nivel del personal militar y civil, en la aplicaci\u00f3n y seguimiento de los tratamientos indicados. Mantener, fomentar y difundir a nivel nacional la promoci\u00f3n de&hellip;<\/p>\n","protected":false},"author":1,"featured_media":0,"parent":251,"menu_order":0,"comment_status":"closed","ping_status":"closed","template":"","meta":{"footnotes":""},"class_list":["post-1677","page","type-page","status-publish","hentry","description-off"],"_links":{"self":[{"href":"https:\/\/svr.uy\/index.php?rest_route=\/wp\/v2\/pages\/1677","targetHints":{"allow":["GET"]}}],"collection":[{"href":"https:\/\/svr.uy\/index.php?rest_route=\/wp\/v2\/pages"}],"about":[{"href":"https:\/\/svr.uy\/index.php?rest_route=\/wp\/v2\/types\/page"}],"author":[{"embeddable":true,"href":"https:\/\/svr.uy\/index.php?rest_route=\/wp\/v2\/users\/1"}],"replies":[{"embeddable":true,"href":"https:\/\/svr.uy\/index.php?rest_route=%2Fwp%2Fv2%2Fcomments&post=1677"}],"version-history":[{"count":2,"href":"https:\/\/svr.uy\/index.php?rest_route=\/wp\/v2\/pages\/1677\/revisions"}],"predecessor-version":[{"id":1679,"href":"https:\/\/svr.uy\/index.php?rest_route=\/wp\/v2\/pages\/1677\/revisions\/1679"}],"up":[{"embeddable":true,"href":"https:\/\/svr.uy\/index.php?rest_route=\/wp\/v2\/pages\/251"}],"wp:attachment":[{"href":"https:\/\/svr.uy\/index.php?rest_route=%2Fwp%2Fv2%2Fmedia&parent=1677"}],"curies":[{"name":"wp","href":"https:\/\/api.w.org\/{rel}","templated":true}]}}