{"id":251,"date":"2018-10-30T18:17:52","date_gmt":"2018-10-30T18:17:52","guid":{"rendered":"https:\/\/the7.io\/g-business\/?page_id=251"},"modified":"2024-03-14T16:09:05","modified_gmt":"2024-03-14T19:09:05","slug":"cursos","status":"publish","type":"page","link":"https:\/\/svr.uy\/?page_id=251","title":{"rendered":"Cursos"},"content":{"rendered":"\n<div class=\"wp-block-columns has-3-columns is-layout-flex wp-container-core-columns-is-layout-9d6595d7 wp-block-columns-is-layout-flex\">\n<div class=\"wp-block-column is-layout-flow wp-block-column-is-layout-flow\">\n<figure class=\"wp-block-gallery aligncenter has-nested-images columns-default is-cropped wp-block-gallery-1 is-layout-flex wp-block-gallery-is-layout-flex\">\n<figure class=\"wp-block-image size-large\"><img fetchpriority=\"high\" decoding=\"async\" width=\"1024\" height=\"577\" data-id=\"1622\" src=\"https:\/\/svr.uy\/wp-content\/uploads\/2024\/03\/20230519_111111-1024x577.jpg\" alt=\"\" class=\"wp-image-1622\" srcset=\"https:\/\/svr.uy\/wp-content\/uploads\/2024\/03\/20230519_111111-1024x577.jpg 1024w, https:\/\/svr.uy\/wp-content\/uploads\/2024\/03\/20230519_111111-300x169.jpg 300w, https:\/\/svr.uy\/wp-content\/uploads\/2024\/03\/20230519_111111-768x432.jpg 768w, https:\/\/svr.uy\/wp-content\/uploads\/2024\/03\/20230519_111111-1536x865.jpg 1536w, https:\/\/svr.uy\/wp-content\/uploads\/2024\/03\/20230519_111111-2048x1153.jpg 2048w\" sizes=\"(max-width: 1024px) 100vw, 1024px\" \/><\/figure>\n<\/figure>\n\n\n\n<h4 class=\"wp-block-heading has-text-align-center\">Curso de HERRADOR<\/h4>\n\n\n\n<p class=\"has-text-align-left\">Forma herradores especializados en el herrado correctivo mediante el herrado artesanal. Eleva con la instrucci\u00f3n de t\u00e9cnicos y profesionales, el nivel del personal militar y civil, quienes con vocaci\u00f3n y aptitudes naturales no han tenido la oportunidad de desarrollarlo<\/p>\n\n\n\n<div class=\"wp-block-buttons is-layout-flex wp-block-buttons-is-layout-flex\">\n<div class=\"wp-block-button\"><a class=\"wp-block-button__link wp-element-button\" href=\"https:\/\/svr.uy\/?page_id=1670\" target=\"_blank\" rel=\"noreferrer noopener\">Saber M\u00e1s<\/a><\/div>\n<\/div>\n\n\n\n<div style=\"height:30px\" aria-hidden=\"true\" class=\"wp-block-spacer\"><\/div>\n<\/div>\n\n\n\n<div class=\"wp-block-column is-layout-flow wp-block-column-is-layout-flow\"><div class=\"wp-block-image\">\n<figure class=\"aligncenter size-large\"><img decoding=\"async\" width=\"1024\" height=\"768\" src=\"https:\/\/svr.uy\/wp-content\/uploads\/2024\/03\/WhatsApp-Image-2024-03-08-at-09.02.57-1-1024x768.jpeg\" alt=\"\" class=\"wp-image-1643\" srcset=\"https:\/\/svr.uy\/wp-content\/uploads\/2024\/03\/WhatsApp-Image-2024-03-08-at-09.02.57-1-1024x768.jpeg 1024w, https:\/\/svr.uy\/wp-content\/uploads\/2024\/03\/WhatsApp-Image-2024-03-08-at-09.02.57-1-300x225.jpeg 300w, https:\/\/svr.uy\/wp-content\/uploads\/2024\/03\/WhatsApp-Image-2024-03-08-at-09.02.57-1-768x576.jpeg 768w, https:\/\/svr.uy\/wp-content\/uploads\/2024\/03\/WhatsApp-Image-2024-03-08-at-09.02.57-1-1536x1152.jpeg 1536w, https:\/\/svr.uy\/wp-content\/uploads\/2024\/03\/WhatsApp-Image-2024-03-08-at-09.02.57-1.jpeg 1600w\" sizes=\"(max-width: 1024px) 100vw, 1024px\" \/><\/figure>\n<\/div>\n\n\n<h4 class=\"wp-block-heading has-text-align-center\">Curso de Auxiliar Enfermero Veterinario<\/h4>\n\n\n\n<p class=\"has-text-align-left\">Ser auxiliar del M\u00e9dico Veterinario en las Unidades militares. Elevar a trav\u00e9s de la instrucci\u00f3n impartida por los t\u00e9cnicos y profesionales, el nivel del personal militar y civil, en la aplicaci\u00f3n y seguimiento de los tratamientos indicados.<\/p>\n\n\n\n<div class=\"wp-block-buttons is-layout-flex wp-block-buttons-is-layout-flex\">\n<div class=\"wp-block-button\"><a class=\"wp-block-button__link wp-element-button\">Saber M\u00e1s<\/a><\/div>\n<\/div>\n\n\n\n<div style=\"height:30px\" aria-hidden=\"true\" class=\"wp-block-spacer\"><\/div>\n\n\n\n<p><\/p>\n<\/div>\n\n\n\n<div class=\"wp-block-column is-layout-flow wp-block-column-is-layout-flow\"><div class=\"wp-block-image\">\n<figure class=\"aligncenter\"><img decoding=\"async\" width=\"1024\" height=\"683\" src=\"https:\/\/svr.uy\/wp-content\/uploads\/2018\/11\/img012-1024x683.jpg\" alt=\"\" class=\"wp-image-858\" srcset=\"https:\/\/svr.uy\/wp-content\/uploads\/2018\/11\/img012-1024x683.jpg 1024w, https:\/\/svr.uy\/wp-content\/uploads\/2018\/11\/img012-300x200.jpg 300w, https:\/\/svr.uy\/wp-content\/uploads\/2018\/11\/img012-768x512.jpg 768w, https:\/\/svr.uy\/wp-content\/uploads\/2018\/11\/img012.jpg 1200w\" sizes=\"(max-width: 1024px) 100vw, 1024px\" \/><\/figure>\n<\/div>\n\n\n<h4 class=\"wp-block-heading has-text-align-center\">&nbsp;Praesent amet tempus&nbsp;<\/h4>\n\n\n\n<p class=\"has-text-align-center\">Vestibulum quis euismod orci, eget scelerid molestie. Quis odio volutpat tellus sagittis, sed pharetra dolor suscipit. Praesent rutrum arcu &#8211; from nulla Amet sit amet tempus suscipit.<\/p>\n\n\n\n<div style=\"height:30px\" aria-hidden=\"true\" class=\"wp-block-spacer\"><\/div>\n<\/div>\n<\/div>\n\n\n\n<div class=\"wp-block-columns has-3-columns is-layout-flex wp-container-core-columns-is-layout-9d6595d7 wp-block-columns-is-layout-flex\">\n<div class=\"wp-block-column is-layout-flow wp-block-column-is-layout-flow\"><div class=\"wp-block-image\">\n<figure class=\"aligncenter\"><img loading=\"lazy\" decoding=\"async\" width=\"1024\" height=\"683\" src=\"https:\/\/svr.uy\/wp-content\/uploads\/2018\/11\/img010-1024x683.jpg\" alt=\"\" class=\"wp-image-853\" srcset=\"https:\/\/svr.uy\/wp-content\/uploads\/2018\/11\/img010-1024x683.jpg 1024w, https:\/\/svr.uy\/wp-content\/uploads\/2018\/11\/img010-300x200.jpg 300w, https:\/\/svr.uy\/wp-content\/uploads\/2018\/11\/img010-768x512.jpg 768w, https:\/\/svr.uy\/wp-content\/uploads\/2018\/11\/img010.jpg 1200w\" sizes=\"(max-width: 1024px) 100vw, 1024px\" \/><\/figure>\n<\/div>\n\n\n<h4 class=\"wp-block-heading has-text-align-center\">Lorem ipsum amet nulla<\/h4>\n\n\n\n<p class=\"has-text-align-center\">Vestibulum quis euismod orci, eget scelerid molestie.&nbsp;Curabitur pharetra ac eros scelerisque tempor. Quis odio volutpat tellus sagittis, sed pharetra dolor suscipit.<\/p>\n\n\n\n<div style=\"height:30px\" aria-hidden=\"true\" class=\"wp-block-spacer\"><\/div>\n<\/div>\n\n\n\n<div class=\"wp-block-column is-layout-flow wp-block-column-is-layout-flow\"><div class=\"wp-block-image\">\n<figure class=\"aligncenter\"><img loading=\"lazy\" decoding=\"async\" width=\"1024\" height=\"683\" src=\"https:\/\/svr.uy\/wp-content\/uploads\/2018\/11\/img004-1024x683.jpg\" alt=\"\" class=\"wp-image-841\" srcset=\"https:\/\/svr.uy\/wp-content\/uploads\/2018\/11\/img004-1024x683.jpg 1024w, https:\/\/svr.uy\/wp-content\/uploads\/2018\/11\/img004-300x200.jpg 300w, https:\/\/svr.uy\/wp-content\/uploads\/2018\/11\/img004-768x512.jpg 768w, https:\/\/svr.uy\/wp-content\/uploads\/2018\/11\/img004.jpg 1200w\" sizes=\"(max-width: 1024px) 100vw, 1024px\" \/><\/figure>\n<\/div>\n\n\n<h4 class=\"wp-block-heading has-text-align-center\">Strategy&nbsp;cursus felis<\/h4>\n\n\n\n<p class=\"has-text-align-center\">Donec cursus felis in mollis molestie. Donec et tincidunt nulla, eget volutpat tortor lorem nulla dolor amet.&nbsp;Donec et tincidunt nulla -vestibulum quis euismod orci, eget scelerid molestie.&nbsp;<\/p>\n\n\n\n<div style=\"height:30px\" aria-hidden=\"true\" class=\"wp-block-spacer\"><\/div>\n<\/div>\n\n\n\n<div class=\"wp-block-column is-layout-flow wp-block-column-is-layout-flow\"><div class=\"wp-block-image\">\n<figure class=\"aligncenter\"><img loading=\"lazy\" decoding=\"async\" width=\"1024\" height=\"683\" src=\"https:\/\/svr.uy\/wp-content\/uploads\/2018\/11\/img006-1024x683.jpg\" alt=\"\" class=\"wp-image-845\" srcset=\"https:\/\/svr.uy\/wp-content\/uploads\/2018\/11\/img006-1024x683.jpg 1024w, https:\/\/svr.uy\/wp-content\/uploads\/2018\/11\/img006-300x200.jpg 300w, https:\/\/svr.uy\/wp-content\/uploads\/2018\/11\/img006-768x512.jpg 768w, https:\/\/svr.uy\/wp-content\/uploads\/2018\/11\/img006.jpg 1200w\" sizes=\"(max-width: 1024px) 100vw, 1024px\" \/><\/figure>\n<\/div>\n\n\n<h4 class=\"wp-block-heading has-text-align-center\">Vestibulum quis euismod<\/h4>\n\n\n\n<p class=\"has-text-align-center\">Donec et tincidunt nulla! Vestibulum quis euismod orci, eget scelerid molestie. Vestibulum quis euismod orci, eget scelerid molestie.&nbsp;Praesent rutrum arcu sit amet tempus suscipit.<\/p>\n\n\n\n<div style=\"height:30px\" aria-hidden=\"true\" class=\"wp-block-spacer\"><\/div>\n<\/div>\n<\/div>\n","protected":false},"excerpt":{"rendered":"<p>Curso de HERRADOR Forma herradores especializados en el herrado correctivo mediante el herrado artesanal. Eleva con la instrucci\u00f3n de t\u00e9cnicos y profesionales, el nivel del personal militar y civil, quienes con vocaci\u00f3n y aptitudes naturales no han tenido la oportunidad de desarrollarlo Curso de Auxiliar Enfermero Veterinario Ser auxiliar del M\u00e9dico Veterinario en las Unidades&hellip;<\/p>\n","protected":false},"author":1,"featured_media":0,"parent":0,"menu_order":30,"comment_status":"closed","ping_status":"closed","template":"","meta":{"footnotes":""},"class_list":["post-251","page","type-page","status-publish","hentry","description-off"],"_links":{"self":[{"href":"https:\/\/svr.uy\/index.php?rest_route=\/wp\/v2\/pages\/251","targetHints":{"allow":["GET"]}}],"collection":[{"href":"https:\/\/svr.uy\/index.php?rest_route=\/wp\/v2\/pages"}],"about":[{"href":"https:\/\/svr.uy\/index.php?rest_route=\/wp\/v2\/types\/page"}],"author":[{"embeddable":true,"href":"https:\/\/svr.uy\/index.php?rest_route=\/wp\/v2\/users\/1"}],"replies":[{"embeddable":true,"href":"https:\/\/svr.uy\/index.php?rest_route=%2Fwp%2Fv2%2Fcomments&post=251"}],"version-history":[{"count":8,"href":"https:\/\/svr.uy\/index.php?rest_route=\/wp\/v2\/pages\/251\/revisions"}],"predecessor-version":[{"id":1676,"href":"https:\/\/svr.uy\/index.php?rest_route=\/wp\/v2\/pages\/251\/revisions\/1676"}],"wp:attachment":[{"href":"https:\/\/svr.uy\/index.php?rest_route=%2Fwp%2Fv2%2Fmedia&parent=251"}],"curies":[{"name":"wp","href":"https:\/\/api.w.org\/{rel}","templated":true}]}}