{"id":258,"date":"2018-10-30T18:19:54","date_gmt":"2018-10-30T18:19:54","guid":{"rendered":"https:\/\/the7.io\/g-business\/?page_id=258"},"modified":"2024-09-25T10:00:53","modified_gmt":"2024-09-25T13:00:53","slug":"testimonials","status":"publish","type":"page","link":"https:\/\/svr.uy\/?page_id=258","title":{"rendered":"Concursos"},"content":{"rendered":"<div class=\"wpb-content-wrapper\"><p>[vc_row][vc_column][vc_column_text css=\u00bb\u00bb]<\/p>\n<h1>Concurso para ocupar 1 (una) vacante de :\u00a0<\/h1>\n<h2>\u00a0<\/h2>\n<h2>Veterinario<\/h2>\n\n\n<figure class=\"wp-block-table aligncenter\"><table><tbody><tr><td><strong>Fecha del concurso <\/strong><\/td><td>14 de Octubre de 2024<\/td><\/tr><tr><td>Apertura Inscripciones<\/td><td>25 de Setiembre de 2024<\/td><\/tr><tr><td>Cierre de Inscripciones<\/td><td>4 e Octubre de 2024<\/td><\/tr><tr><td>Escalaf\u00f3n<\/td><td>Alf\u00e9rez Veterinarios e Ingenieros Agr\u00f3nomos (V&#8211;IA) <\/td><\/tr><tr><td>Lugar de Servicio<\/td><td>Regimiento \u00abBrigadier General Fructuoso Rivera\u00bb Caballer\u00eda Mecanizado Nro.3 RIVERA<\/td><\/tr><tr><td>Inicio de Actividades<\/td><td>1 de Febrero de 2025 <\/td><\/tr><tr><td>Consultas<\/td><td>Temario completo, bibliograf\u00eda, informaci\u00f3n general e inscripciones personalmente en la Sede del S.V.R.<\/td><\/tr><tr><td>Contacto<\/td><td>Tel\u00e9fono : 26014705 &#8211;  26011393 &#8211; email: svr@ejercito.mil.uy<\/td><\/tr><tr><td>Horarios<\/td><td>Lunes a Viernes de 8 a 12 hrs.<\/td><\/tr><\/tbody><\/table><\/figure>\n\n\n\n<p><strong>TEMARIO (extracto)<\/strong><\/p>\n\n\n\n<figure class=\"wp-block-table aligncenter is-style-stripes\"><table class=\"has-accent-color has-text-color has-link-color\"><tbody><tr><td>Orientaci\u00f3n Medicina Veterinaria<\/td><td><\/td><\/tr><tr><td><\/td><td>S\u00edndrome abdomen agudo<br>Manejo de Heridas<br>Enfermedades Respiratorias en el equino<br>Afecciones podales en el equino<br>Trastornos asociados al ejercicio, equino deportivo<br>Zoonosis<br>Patolog\u00edas de piel y aparato locomotor en caninos.<\/td><\/tr><\/tbody><\/table><\/figure>\n\n\n\n<p><\/p>\n\n\n\n<p><\/p>\n\n\n\n<p>[\/vc_column_text][\/vc_column][\/vc_row]<\/p>\n\n\n\n<p><\/p>\n\n\n\n<p><\/p>\n<\/div>","protected":false},"excerpt":{"rendered":"<p>[vc_row][vc_column][vc_column_text css=\u00bb\u00bb] Concurso para ocupar 1 (una) vacante de :\u00a0 \u00a0 Veterinario Fecha del concurso 14 de Octubre de 2024 Apertura Inscripciones 25 de Setiembre de 2024 Cierre de Inscripciones 4 e Octubre de 2024 Escalaf\u00f3n Alf\u00e9rez Veterinarios e Ingenieros Agr\u00f3nomos (V&#8211;IA) Lugar de Servicio Regimiento \u00abBrigadier General Fructuoso Rivera\u00bb Caballer\u00eda Mecanizado Nro.3 RIVERA Inicio&hellip;<\/p>\n","protected":false},"author":1,"featured_media":0,"parent":0,"menu_order":60,"comment_status":"closed","ping_status":"closed","template":"","meta":{"footnotes":""},"class_list":["post-258","page","type-page","status-publish","hentry","description-off"],"_links":{"self":[{"href":"https:\/\/svr.uy\/index.php?rest_route=\/wp\/v2\/pages\/258","targetHints":{"allow":["GET"]}}],"collection":[{"href":"https:\/\/svr.uy\/index.php?rest_route=\/wp\/v2\/pages"}],"about":[{"href":"https:\/\/svr.uy\/index.php?rest_route=\/wp\/v2\/types\/page"}],"author":[{"embeddable":true,"href":"https:\/\/svr.uy\/index.php?rest_route=\/wp\/v2\/users\/1"}],"replies":[{"embeddable":true,"href":"https:\/\/svr.uy\/index.php?rest_route=%2Fwp%2Fv2%2Fcomments&post=258"}],"version-history":[{"count":23,"href":"https:\/\/svr.uy\/index.php?rest_route=\/wp\/v2\/pages\/258\/revisions"}],"predecessor-version":[{"id":1753,"href":"https:\/\/svr.uy\/index.php?rest_route=\/wp\/v2\/pages\/258\/revisions\/1753"}],"wp:attachment":[{"href":"https:\/\/svr.uy\/index.php?rest_route=%2Fwp%2Fv2%2Fmedia&parent=258"}],"curies":[{"name":"wp","href":"https:\/\/api.w.org\/{rel}","templated":true}]}}